{"id":1882,"date":"2022-09-29T16:23:57","date_gmt":"2022-09-29T19:23:57","guid":{"rendered":"https:\/\/aprimora.site\/carvalhoalmeidaadvogados\/?page_id=1882"},"modified":"2023-02-17T10:54:08","modified_gmt":"2023-02-17T13:54:08","slug":"areas-de-atuacao","status":"publish","type":"page","link":"https:\/\/aprimora.site\/carvalhoalmeidaadvogados\/areas-de-atuacao\/","title":{"rendered":"\u00c1reas de Atua\u00e7\u00e3o"},"content":{"rendered":"\t\t<div data-elementor-type=\"wp-post\" data-elementor-id=\"1882\" class=\"elementor elementor-1882\">\n\t\t\t\t\t\t\t\t\t<section class=\"elementor-section elementor-top-section elementor-element elementor-element-97c25a6 elementor-section-boxed elementor-section-height-default elementor-section-height-default\" data-id=\"97c25a6\" data-element_type=\"section\" data-settings=\"{&quot;background_background&quot;:&quot;classic&quot;}\">\n\t\t\t\t\t\t<div class=\"elementor-container elementor-column-gap-default\">\n\t\t\t\t\t<div class=\"elementor-column elementor-col-100 elementor-top-column elementor-element elementor-element-dcab068\" data-id=\"dcab068\" data-element_type=\"column\">\n\t\t\t<div class=\"elementor-widget-wrap elementor-element-populated\">\n\t\t\t\t\t\t\t\t<section class=\"elementor-section elementor-inner-section elementor-element elementor-element-f700153 elementor-section-boxed elementor-section-height-default elementor-section-height-default\" data-id=\"f700153\" data-element_type=\"section\">\n\t\t\t\t\t\t<div class=\"elementor-container elementor-column-gap-default\">\n\t\t\t\t\t<div class=\"elementor-column elementor-col-33 elementor-inner-column elementor-element elementor-element-ce0a191\" data-id=\"ce0a191\" data-element_type=\"column\">\n\t\t\t<div class=\"elementor-widget-wrap elementor-element-populated\">\n\t\t\t\t\t\t\t\t<div class=\"elementor-element elementor-element-b5fa7d1 elementor-widget elementor-widget-image\" data-id=\"b5fa7d1\" data-element_type=\"widget\" data-widget_type=\"image.default\">\n\t\t\t\t<div class=\"elementor-widget-container\">\n\t\t\t<style>\/*! elementor - v3.12.2 - 23-04-2023 *\/\n.elementor-widget-image{text-align:center}.elementor-widget-image a{display:inline-block}.elementor-widget-image a img[src$=\".svg\"]{width:48px}.elementor-widget-image img{vertical-align:middle;display:inline-block}<\/style>\t\t\t\t\t\t\t\t\t\t\t\t\t<a href=\"https:\/\/aprimora.site\/carvalhoalmeidaadvogados\/areas-de-atuacao\/empresarial-e-societario\/\">\n\t\t\t\t\t\t\t<img decoding=\"async\" width=\"1920\" height=\"1356\" src=\"https:\/\/aprimora.site\/carvalhoalmeidaadvogados\/wp-content\/uploads\/2022\/12\/Org-chart.jpg\" class=\"attachment-full size-full wp-image-1919\" alt=\"\" loading=\"lazy\" srcset=\"https:\/\/aprimora.site\/carvalhoalmeidaadvogados\/wp-content\/uploads\/2022\/12\/Org-chart.jpg 1920w, https:\/\/aprimora.site\/carvalhoalmeidaadvogados\/wp-content\/uploads\/2022\/12\/Org-chart-300x212.jpg 300w, https:\/\/aprimora.site\/carvalhoalmeidaadvogados\/wp-content\/uploads\/2022\/12\/Org-chart-1024x723.jpg 1024w, https:\/\/aprimora.site\/carvalhoalmeidaadvogados\/wp-content\/uploads\/2022\/12\/Org-chart-768x542.jpg 768w, https:\/\/aprimora.site\/carvalhoalmeidaadvogados\/wp-content\/uploads\/2022\/12\/Org-chart-1536x1085.jpg 1536w\" sizes=\"(max-width: 1920px) 100vw, 1920px\" \/>\t\t\t\t\t\t\t\t<\/a>\n\t\t\t\t\t\t\t\t\t\t\t\t\t\t\t<\/div>\n\t\t\t\t<\/div>\n\t\t\t\t<div class=\"elementor-element elementor-element-63d27e3 elementor-widget elementor-widget-heading\" data-id=\"63d27e3\" data-element_type=\"widget\" data-widget_type=\"heading.default\">\n\t\t\t\t<div class=\"elementor-widget-container\">\n\t\t\t<style>\/*! elementor - v3.12.2 - 23-04-2023 *\/\n.elementor-heading-title{padding:0;margin:0;line-height:1}.elementor-widget-heading .elementor-heading-title[class*=elementor-size-]>a{color:inherit;font-size:inherit;line-height:inherit}.elementor-widget-heading .elementor-heading-title.elementor-size-small{font-size:15px}.elementor-widget-heading .elementor-heading-title.elementor-size-medium{font-size:19px}.elementor-widget-heading .elementor-heading-title.elementor-size-large{font-size:29px}.elementor-widget-heading .elementor-heading-title.elementor-size-xl{font-size:39px}.elementor-widget-heading .elementor-heading-title.elementor-size-xxl{font-size:59px}<\/style><h3 class=\"elementor-heading-title elementor-size-default\"><a href=\"https:\/\/aprimora.site\/carvalhoalmeidaadvogados\/areas-de-atuacao\/empresarial-e-societario\/\">Empresarial e Societ\u00e1rio<\/a><\/h3>\t\t<\/div>\n\t\t\t\t<\/div>\n\t\t\t\t\t<\/div>\n\t\t<\/div>\n\t\t\t\t<div class=\"elementor-column elementor-col-33 elementor-inner-column elementor-element elementor-element-b8e3a4d\" data-id=\"b8e3a4d\" data-element_type=\"column\">\n\t\t\t<div class=\"elementor-widget-wrap elementor-element-populated\">\n\t\t\t\t\t\t\t\t<div class=\"elementor-element elementor-element-d7f1be1 elementor-widget elementor-widget-image\" data-id=\"d7f1be1\" data-element_type=\"widget\" data-widget_type=\"image.default\">\n\t\t\t\t<div class=\"elementor-widget-container\">\n\t\t\t\t\t\t\t\t\t\t\t\t\t\t\t\t<a href=\"https:\/\/aprimora.site\/carvalhoalmeidaadvogados\/areas-de-atuacao\/imobiliario-e-condominial\/\">\n\t\t\t\t\t\t\t<img decoding=\"async\" width=\"1920\" height=\"1356\" src=\"https:\/\/aprimora.site\/carvalhoalmeidaadvogados\/wp-content\/uploads\/2022\/12\/PictureHighrise.jpg\" class=\"attachment-full size-full wp-image-1920\" alt=\"\" loading=\"lazy\" srcset=\"https:\/\/aprimora.site\/carvalhoalmeidaadvogados\/wp-content\/uploads\/2022\/12\/PictureHighrise.jpg 1920w, https:\/\/aprimora.site\/carvalhoalmeidaadvogados\/wp-content\/uploads\/2022\/12\/PictureHighrise-300x212.jpg 300w, https:\/\/aprimora.site\/carvalhoalmeidaadvogados\/wp-content\/uploads\/2022\/12\/PictureHighrise-1024x723.jpg 1024w, https:\/\/aprimora.site\/carvalhoalmeidaadvogados\/wp-content\/uploads\/2022\/12\/PictureHighrise-768x542.jpg 768w, https:\/\/aprimora.site\/carvalhoalmeidaadvogados\/wp-content\/uploads\/2022\/12\/PictureHighrise-1536x1085.jpg 1536w\" sizes=\"(max-width: 1920px) 100vw, 1920px\" \/>\t\t\t\t\t\t\t\t<\/a>\n\t\t\t\t\t\t\t\t\t\t\t\t\t\t\t<\/div>\n\t\t\t\t<\/div>\n\t\t\t\t<div class=\"elementor-element elementor-element-f07e013 elementor-widget elementor-widget-heading\" data-id=\"f07e013\" data-element_type=\"widget\" data-widget_type=\"heading.default\">\n\t\t\t\t<div class=\"elementor-widget-container\">\n\t\t\t<h3 class=\"elementor-heading-title elementor-size-default\"><a href=\"https:\/\/aprimora.site\/carvalhoalmeidaadvogados\/areas-de-atuacao\/imobiliario-e-condominial\/\">Imobili\u00e1rio e Condominial<\/a><\/h3>\t\t<\/div>\n\t\t\t\t<\/div>\n\t\t\t\t\t<\/div>\n\t\t<\/div>\n\t\t\t\t<div class=\"elementor-column elementor-col-33 elementor-inner-column elementor-element elementor-element-4a54bed\" data-id=\"4a54bed\" data-element_type=\"column\">\n\t\t\t<div class=\"elementor-widget-wrap elementor-element-populated\">\n\t\t\t\t\t\t\t\t<div class=\"elementor-element elementor-element-5711b3d elementor-widget elementor-widget-image\" data-id=\"5711b3d\" data-element_type=\"widget\" data-widget_type=\"image.default\">\n\t\t\t\t<div class=\"elementor-widget-container\">\n\t\t\t\t\t\t\t\t\t\t\t\t\t\t\t\t<a href=\"https:\/\/aprimora.site\/carvalhoalmeidaadvogados\/areas-de-atuacao\/inventario-e-holding-familiar\/\">\n\t\t\t\t\t\t\t<img decoding=\"async\" width=\"1920\" height=\"1356\" src=\"https:\/\/aprimora.site\/carvalhoalmeidaadvogados\/wp-content\/uploads\/2022\/12\/imagem_2022-12-14_144601861.png\" class=\"attachment-full size-full wp-image-1921\" alt=\"\" loading=\"lazy\" srcset=\"https:\/\/aprimora.site\/carvalhoalmeidaadvogados\/wp-content\/uploads\/2022\/12\/imagem_2022-12-14_144601861.png 1920w, https:\/\/aprimora.site\/carvalhoalmeidaadvogados\/wp-content\/uploads\/2022\/12\/imagem_2022-12-14_144601861-300x212.png 300w, https:\/\/aprimora.site\/carvalhoalmeidaadvogados\/wp-content\/uploads\/2022\/12\/imagem_2022-12-14_144601861-1024x723.png 1024w, https:\/\/aprimora.site\/carvalhoalmeidaadvogados\/wp-content\/uploads\/2022\/12\/imagem_2022-12-14_144601861-768x542.png 768w, https:\/\/aprimora.site\/carvalhoalmeidaadvogados\/wp-content\/uploads\/2022\/12\/imagem_2022-12-14_144601861-1536x1085.png 1536w\" sizes=\"(max-width: 1920px) 100vw, 1920px\" \/>\t\t\t\t\t\t\t\t<\/a>\n\t\t\t\t\t\t\t\t\t\t\t\t\t\t\t<\/div>\n\t\t\t\t<\/div>\n\t\t\t\t<div class=\"elementor-element elementor-element-b4eb5b5 elementor-widget elementor-widget-heading\" data-id=\"b4eb5b5\" data-element_type=\"widget\" data-widget_type=\"heading.default\">\n\t\t\t\t<div class=\"elementor-widget-container\">\n\t\t\t<h3 class=\"elementor-heading-title elementor-size-default\"><a href=\"https:\/\/aprimora.site\/carvalhoalmeidaadvogados\/areas-de-atuacao\/inventario-e-holding-familiar\/\">Invent\u00e1rio e Holding Familiar<\/a><\/h3>\t\t<\/div>\n\t\t\t\t<\/div>\n\t\t\t\t\t<\/div>\n\t\t<\/div>\n\t\t\t\t\t\t\t<\/div>\n\t\t<\/section>\n\t\t\t\t\t<\/div>\n\t\t<\/div>\n\t\t\t\t\t\t\t<\/div>\n\t\t<\/section>\n\t\t\t\t<section class=\"elementor-section elementor-top-section elementor-element elementor-element-f8fe71c elementor-section-boxed elementor-section-height-default elementor-section-height-default\" data-id=\"f8fe71c\" data-element_type=\"section\" data-settings=\"{&quot;background_background&quot;:&quot;classic&quot;}\">\n\t\t\t\t\t\t\t<div class=\"elementor-background-overlay\"><\/div>\n\t\t\t\t\t\t\t<div class=\"elementor-container elementor-column-gap-default\">\n\t\t\t\t\t<div class=\"elementor-column elementor-col-50 elementor-top-column elementor-element elementor-element-00c47b3\" data-id=\"00c47b3\" data-element_type=\"column\">\n\t\t\t<div class=\"elementor-widget-wrap elementor-element-populated\">\n\t\t\t\t\t\t\t\t<div class=\"elementor-element elementor-element-70f8d11 elementor-widget elementor-widget-heading\" data-id=\"70f8d11\" data-element_type=\"widget\" data-widget_type=\"heading.default\">\n\t\t\t\t<div class=\"elementor-widget-container\">\n\t\t\t<h2 class=\"elementor-heading-title elementor-size-default\">Atendimento virtual em todo o Brasil<\/h2>\t\t<\/div>\n\t\t\t\t<\/div>\n\t\t\t\t\t<\/div>\n\t\t<\/div>\n\t\t\t\t<div class=\"elementor-column elementor-col-50 elementor-top-column elementor-element elementor-element-1948d8d\" data-id=\"1948d8d\" data-element_type=\"column\">\n\t\t\t<div class=\"elementor-widget-wrap elementor-element-populated\">\n\t\t\t\t\t\t\t\t<div class=\"elementor-element elementor-element-4d02cc4 elementor-align-center elementor-widget elementor-widget-button\" data-id=\"4d02cc4\" data-element_type=\"widget\" data-widget_type=\"button.default\">\n\t\t\t\t<div class=\"elementor-widget-container\">\n\t\t\t\t\t<div class=\"elementor-button-wrapper\">\n\t\t\t<a href=\"#\" class=\"elementor-button-link elementor-button elementor-size-sm elementor-animation-grow\" role=\"button\">\n\t\t\t\t\t\t<span class=\"elementor-button-content-wrapper\">\n\t\t\t\t\t\t<span class=\"elementor-button-text\">FALAR AGORA COM UM ADVOGADO<\/span>\n\t\t<\/span>\n\t\t\t\t\t<\/a>\n\t\t<\/div>\n\t\t\t\t<\/div>\n\t\t\t\t<\/div>\n\t\t\t\t\t<\/div>\n\t\t<\/div>\n\t\t\t\t\t\t\t<\/div>\n\t\t<\/section>\n\t\t\t\t\t\t\t<\/div>\n\t\t","protected":false},"excerpt":{"rendered":"<p>Empresarial e Societ\u00e1rio Imobili\u00e1rio e Condominial Invent\u00e1rio e Holding Familiar Atendimento virtual em todo o Brasil FALAR AGORA COM UM ADVOGADO<\/p>\n","protected":false},"author":2,"featured_media":0,"parent":0,"menu_order":0,"comment_status":"closed","ping_status":"closed","template":"","meta":[],"_links":{"self":[{"href":"https:\/\/aprimora.site\/carvalhoalmeidaadvogados\/wp-json\/wp\/v2\/pages\/1882"}],"collection":[{"href":"https:\/\/aprimora.site\/carvalhoalmeidaadvogados\/wp-json\/wp\/v2\/pages"}],"about":[{"href":"https:\/\/aprimora.site\/carvalhoalmeidaadvogados\/wp-json\/wp\/v2\/types\/page"}],"author":[{"embeddable":true,"href":"https:\/\/aprimora.site\/carvalhoalmeidaadvogados\/wp-json\/wp\/v2\/users\/2"}],"replies":[{"embeddable":true,"href":"https:\/\/aprimora.site\/carvalhoalmeidaadvogados\/wp-json\/wp\/v2\/comments?post=1882"}],"version-history":[{"count":39,"href":"https:\/\/aprimora.site\/carvalhoalmeidaadvogados\/wp-json\/wp\/v2\/pages\/1882\/revisions"}],"predecessor-version":[{"id":2980,"href":"https:\/\/aprimora.site\/carvalhoalmeidaadvogados\/wp-json\/wp\/v2\/pages\/1882\/revisions\/2980"}],"wp:attachment":[{"href":"https:\/\/aprimora.site\/carvalhoalmeidaadvogados\/wp-json\/wp\/v2\/media?parent=1882"}],"curies":[{"name":"wp","href":"https:\/\/api.w.org\/{rel}","templated":true}]}}